{"id":4375,"date":"2021-03-03T12:16:41","date_gmt":"2021-03-03T11:16:41","guid":{"rendered":"https:\/\/www.dos54.ws\/?page_id=4375"},"modified":"2021-03-03T12:41:37","modified_gmt":"2021-03-03T11:41:37","slug":"cookie-policy","status":"publish","type":"page","link":"https:\/\/www.dos54.ws\/en\/cookie-policy\/","title":{"rendered":"Pol\u00edtica de cookies"},"content":{"rendered":"\n<div style=\"height:50px\" aria-hidden=\"true\" class=\"wp-block-spacer\"><\/div>\n\n\n\n<p>Las cookies son peque\u00f1as cantidades de informaci\u00f3n que se almacenan en el navegador utilizado por cada usuario para que el servidor recuerde cierta informaci\u00f3n que posteriormente pueda utilizar.<\/p>\n\n\n\n<div style=\"height:25px\" aria-hidden=\"true\" class=\"wp-block-spacer\"><\/div>\n\n\n\n<h2 class=\"wp-block-heading\">TIPOS DE COOKIES QUE UTILIZAMOS<\/h2>\n\n\n\n<p>Esta p\u00e1gina web utiliza cookies de terceros que son aquellas que se env\u00edan a tu ordenador o terminal desde un dominio o una p\u00e1gina web que no es gestionada por nosotros, sino por otra entidad que trata los datos obtenidos a trav\u00e9s de las cookies.<\/p>\n\n\n\n<p>En este caso las Cookies son utilizadas con fines estad\u00edsticos relacionados con las visitas que recibe y las p\u00e1ginas que se consultan, quedando aceptado su uso al navegar por ella.<\/p>\n\n\n\n<figure class=\"wp-block-table\"><table><tbody><tr><td><strong>COOKIE<br>(Y PROVEEDOR)<\/strong><\/td><td><strong>DURACI\u00d3N<\/strong><\/td><td><strong>DESCRIPCI\u00d3N<\/strong><\/td><\/tr><tr><td>WordPress<\/td><td>2 a\u00f1os<\/td><td>(Varias cookies internas) Utilizado para el correcto funcionamiento del gestor de contenido WordPress.<\/td><\/tr><\/tbody><\/table><\/figure>\n\n\n\n<p>Si desea m\u00e1s informaci\u00f3n m\u00e1s sobre los tipos de cookies de seguimiento y an\u00e1lisis de datos de Google&nbsp;<a href=\"https:\/\/www.google.com\/intl\/es_es\/policies\/technologies\/types\/\" target=\"_blank\" rel=\"noreferrer noopener\">haga clic aqu\u00ed<\/a>.<\/p>\n\n\n\n<p>Para informarse sobre c\u00f3mo eliminar las cookies de su explorador:<\/p>\n\n\n\n<ul class=\"wp-block-list\"><li><a href=\"https:\/\/support.mozilla.org\/es\/kb\/habilitar-y-deshabilitar-cookies-sitios-web-rastrear-preferencias\" target=\"_blank\" rel=\"noreferrer noopener\">Firefox<\/a><\/li><li><a href=\"https:\/\/support.google.com\/chrome\/answer\/95647?hl=es\" target=\"_blank\" rel=\"noreferrer noopener\">Chrome<\/a><\/li><li><a href=\"https:\/\/support.microsoft.com\/es-es\/topic\/eliminar-y-administrar-cookies-168dab11-0753-043d-7c16-ede5947fc64d\" target=\"_blank\" rel=\"noreferrer noopener\">Internet Explorer<\/a><\/li><li><a href=\"https:\/\/support.apple.com\/kb\/PH19214?viewlocale=es_ES&amp;locale=es_ES\" target=\"_blank\" rel=\"noreferrer noopener\">Safari<\/a><\/li><li><a href=\"https:\/\/www.allaboutcookies.org\/es\/administrar-las-cookies\/opera.html\" target=\"_blank\" rel=\"noreferrer noopener\">Opera<\/a><\/li><\/ul>\n\n\n\n<div style=\"height:50px\" aria-hidden=\"true\" class=\"wp-block-spacer\"><\/div>\n","protected":false},"excerpt":{"rendered":"<p>Las cookies son peque\u00f1as cantidades de informaci\u00f3n que se almacenan en el navegador utilizado por [&hellip;]<\/p>\n","protected":false},"author":2,"featured_media":0,"parent":0,"menu_order":0,"comment_status":"closed","ping_status":"closed","template":"","meta":{"footnotes":""},"class_list":["post-4375","page","type-page","status-publish","hentry"],"yoast_head":"<!-- This site is optimized with the Yoast SEO plugin v27.5 - https:\/\/yoast.com\/product\/yoast-seo-wordpress\/ -->\n<title>Pol\u00edtica de cookies -<\/title>\n<meta name=\"robots\" content=\"index, follow, max-snippet:-1, max-image-preview:large, max-video-preview:-1\" \/>\n<link rel=\"canonical\" href=\"https:\/\/www.dos54.ws\/en\/cookie-policy\/\" \/>\n<meta property=\"og:locale\" content=\"en_US\" \/>\n<meta property=\"og:type\" content=\"article\" \/>\n<meta property=\"og:title\" content=\"Pol\u00edtica de cookies -\" \/>\n<meta property=\"og:description\" content=\"Las cookies son peque\u00f1as cantidades de informaci\u00f3n que se almacenan en el navegador utilizado por [&hellip;]\" \/>\n<meta property=\"og:url\" content=\"https:\/\/www.dos54.ws\/en\/cookie-policy\/\" \/>\n<meta property=\"article:publisher\" content=\"https:\/\/www.facebook.com\/people\/Dos-Ws\/100009379629682\" \/>\n<meta property=\"article:modified_time\" content=\"2021-03-03T11:41:37+00:00\" \/>\n<meta name=\"twitter:card\" content=\"summary_large_image\" \/>\n<meta name=\"twitter:site\" content=\"@dos54studio\" \/>\n<meta name=\"twitter:label1\" content=\"Est. reading time\" \/>\n\t<meta name=\"twitter:data1\" content=\"1 minute\" \/>\n<script type=\"application\/ld+json\" class=\"yoast-schema-graph\">{\"@context\":\"https:\\\/\\\/schema.org\",\"@graph\":[{\"@type\":\"WebPage\",\"@id\":\"https:\\\/\\\/www.dos54.ws\\\/en\\\/cookie-policy\\\/\",\"url\":\"https:\\\/\\\/www.dos54.ws\\\/en\\\/cookie-policy\\\/\",\"name\":\"Pol\u00edtica de cookies -\",\"isPartOf\":{\"@id\":\"https:\\\/\\\/www.dos54.ws\\\/en\\\/#website\"},\"datePublished\":\"2021-03-03T11:16:41+00:00\",\"dateModified\":\"2021-03-03T11:41:37+00:00\",\"breadcrumb\":{\"@id\":\"https:\\\/\\\/www.dos54.ws\\\/en\\\/cookie-policy\\\/#breadcrumb\"},\"inLanguage\":\"en-US\",\"potentialAction\":[{\"@type\":\"ReadAction\",\"target\":[\"https:\\\/\\\/www.dos54.ws\\\/en\\\/cookie-policy\\\/\"]}]},{\"@type\":\"BreadcrumbList\",\"@id\":\"https:\\\/\\\/www.dos54.ws\\\/en\\\/cookie-policy\\\/#breadcrumb\",\"itemListElement\":[{\"@type\":\"ListItem\",\"position\":1,\"name\":\"Portada\",\"item\":\"https:\\\/\\\/www.dos54.ws\\\/en\\\/\"},{\"@type\":\"ListItem\",\"position\":2,\"name\":\"Pol\u00edtica de cookies\"}]},{\"@type\":\"WebSite\",\"@id\":\"https:\\\/\\\/www.dos54.ws\\\/en\\\/#website\",\"url\":\"https:\\\/\\\/www.dos54.ws\\\/en\\\/\",\"name\":\"\",\"description\":\"fa\u00e7ade advisors\",\"publisher\":{\"@id\":\"https:\\\/\\\/www.dos54.ws\\\/en\\\/#organization\"},\"potentialAction\":[{\"@type\":\"SearchAction\",\"target\":{\"@type\":\"EntryPoint\",\"urlTemplate\":\"https:\\\/\\\/www.dos54.ws\\\/en\\\/?s={search_term_string}\"},\"query-input\":{\"@type\":\"PropertyValueSpecification\",\"valueRequired\":true,\"valueName\":\"search_term_string\"}}],\"inLanguage\":\"en-US\"},{\"@type\":\"Organization\",\"@id\":\"https:\\\/\\\/www.dos54.ws\\\/en\\\/#organization\",\"name\":\"254 wonderful structures, slp\",\"url\":\"https:\\\/\\\/www.dos54.ws\\\/en\\\/\",\"logo\":{\"@type\":\"ImageObject\",\"inLanguage\":\"en-US\",\"@id\":\"https:\\\/\\\/www.dos54.ws\\\/en\\\/#\\\/schema\\\/logo\\\/image\\\/\",\"url\":\"https:\\\/\\\/www.dos54.ws\\\/wp-content\\\/uploads\\\/2020\\\/03\\\/logo2019_gris-web.png\",\"contentUrl\":\"https:\\\/\\\/www.dos54.ws\\\/wp-content\\\/uploads\\\/2020\\\/03\\\/logo2019_gris-web.png\",\"width\":1181,\"height\":1184,\"caption\":\"254 wonderful structures, slp\"},\"image\":{\"@id\":\"https:\\\/\\\/www.dos54.ws\\\/en\\\/#\\\/schema\\\/logo\\\/image\\\/\"},\"sameAs\":[\"https:\\\/\\\/www.facebook.com\\\/people\\\/Dos-Ws\\\/100009379629682\",\"https:\\\/\\\/x.com\\\/dos54studio\",\"https:\\\/\\\/www.instagram.com\\\/dos54.ws\\\/\",\"https:\\\/\\\/www.linkedin.com\\\/company\\\/dos54\"]}]}<\/script>\n<!-- \/ Yoast SEO plugin. -->","yoast_head_json":{"title":"Pol\u00edtica de cookies -","robots":{"index":"index","follow":"follow","max-snippet":"max-snippet:-1","max-image-preview":"max-image-preview:large","max-video-preview":"max-video-preview:-1"},"canonical":"https:\/\/www.dos54.ws\/en\/cookie-policy\/","og_locale":"en_US","og_type":"article","og_title":"Pol\u00edtica de cookies -","og_description":"Las cookies son peque\u00f1as cantidades de informaci\u00f3n que se almacenan en el navegador utilizado por [&hellip;]","og_url":"https:\/\/www.dos54.ws\/en\/cookie-policy\/","article_publisher":"https:\/\/www.facebook.com\/people\/Dos-Ws\/100009379629682","article_modified_time":"2021-03-03T11:41:37+00:00","twitter_card":"summary_large_image","twitter_site":"@dos54studio","twitter_misc":{"Est. reading time":"1 minute"},"schema":{"@context":"https:\/\/schema.org","@graph":[{"@type":"WebPage","@id":"https:\/\/www.dos54.ws\/en\/cookie-policy\/","url":"https:\/\/www.dos54.ws\/en\/cookie-policy\/","name":"Pol\u00edtica de cookies -","isPartOf":{"@id":"https:\/\/www.dos54.ws\/en\/#website"},"datePublished":"2021-03-03T11:16:41+00:00","dateModified":"2021-03-03T11:41:37+00:00","breadcrumb":{"@id":"https:\/\/www.dos54.ws\/en\/cookie-policy\/#breadcrumb"},"inLanguage":"en-US","potentialAction":[{"@type":"ReadAction","target":["https:\/\/www.dos54.ws\/en\/cookie-policy\/"]}]},{"@type":"BreadcrumbList","@id":"https:\/\/www.dos54.ws\/en\/cookie-policy\/#breadcrumb","itemListElement":[{"@type":"ListItem","position":1,"name":"Portada","item":"https:\/\/www.dos54.ws\/en\/"},{"@type":"ListItem","position":2,"name":"Pol\u00edtica de cookies"}]},{"@type":"WebSite","@id":"https:\/\/www.dos54.ws\/en\/#website","url":"https:\/\/www.dos54.ws\/en\/","name":"","description":"fa\u00e7ade advisors","publisher":{"@id":"https:\/\/www.dos54.ws\/en\/#organization"},"potentialAction":[{"@type":"SearchAction","target":{"@type":"EntryPoint","urlTemplate":"https:\/\/www.dos54.ws\/en\/?s={search_term_string}"},"query-input":{"@type":"PropertyValueSpecification","valueRequired":true,"valueName":"search_term_string"}}],"inLanguage":"en-US"},{"@type":"Organization","@id":"https:\/\/www.dos54.ws\/en\/#organization","name":"254 wonderful structures, slp","url":"https:\/\/www.dos54.ws\/en\/","logo":{"@type":"ImageObject","inLanguage":"en-US","@id":"https:\/\/www.dos54.ws\/en\/#\/schema\/logo\/image\/","url":"https:\/\/www.dos54.ws\/wp-content\/uploads\/2020\/03\/logo2019_gris-web.png","contentUrl":"https:\/\/www.dos54.ws\/wp-content\/uploads\/2020\/03\/logo2019_gris-web.png","width":1181,"height":1184,"caption":"254 wonderful structures, slp"},"image":{"@id":"https:\/\/www.dos54.ws\/en\/#\/schema\/logo\/image\/"},"sameAs":["https:\/\/www.facebook.com\/people\/Dos-Ws\/100009379629682","https:\/\/x.com\/dos54studio","https:\/\/www.instagram.com\/dos54.ws\/","https:\/\/www.linkedin.com\/company\/dos54"]}]}},"_links":{"self":[{"href":"https:\/\/www.dos54.ws\/en\/wp-json\/wp\/v2\/pages\/4375","targetHints":{"allow":["GET"]}}],"collection":[{"href":"https:\/\/www.dos54.ws\/en\/wp-json\/wp\/v2\/pages"}],"about":[{"href":"https:\/\/www.dos54.ws\/en\/wp-json\/wp\/v2\/types\/page"}],"author":[{"embeddable":true,"href":"https:\/\/www.dos54.ws\/en\/wp-json\/wp\/v2\/users\/2"}],"replies":[{"embeddable":true,"href":"https:\/\/www.dos54.ws\/en\/wp-json\/wp\/v2\/comments?post=4375"}],"version-history":[{"count":3,"href":"https:\/\/www.dos54.ws\/en\/wp-json\/wp\/v2\/pages\/4375\/revisions"}],"predecessor-version":[{"id":4398,"href":"https:\/\/www.dos54.ws\/en\/wp-json\/wp\/v2\/pages\/4375\/revisions\/4398"}],"wp:attachment":[{"href":"https:\/\/www.dos54.ws\/en\/wp-json\/wp\/v2\/media?parent=4375"}],"curies":[{"name":"wp","href":"https:\/\/api.w.org\/{rel}","templated":true}]}}